{"id":18,"date":"2025-08-21T09:27:56","date_gmt":"2025-08-21T07:27:56","guid":{"rendered":"http:\/\/velleron-ensemble2026.fr\/?page_id=18"},"modified":"2025-08-26T08:08:27","modified_gmt":"2025-08-26T06:08:27","slug":"nos-valeurs-et-methodes","status":"publish","type":"page","link":"https:\/\/velleron-ensemble2026.fr\/?page_id=18","title":{"rendered":"Nos valeurs et m\u00e9thodes"},"content":{"rendered":"\n<div class=\"wp-block-group is-vertical is-layout-flex wp-container-core-group-is-layout-fe9cc265 wp-block-group-is-layout-flex\">\n<p><h2>Ce qui nous r\u00e9unit :<\/h2><\/p>\n<\/div>\n\n\n\n<p><strong>Nous aimons Velleron et sommes fiers de le faire rayonner\u00a0avec\u00a0vous.<\/strong><\/p>\n\n\n\n<p class=\"is-style-text-subtitle is-style-text-subtitle--1\">La volont\u00e9<\/p>\n\n\n\n<p><ul><li>D&rsquo;agir pour notre village<\/li><br><li>De privil\u00e9gier l&rsquo;int\u00e9r\u00eat g\u00e9n\u00e9ral<\/li><br><li>De relever vaillamment les d\u00e9fis actuels pour construire l&rsquo;avenir<\/li><\/ul><\/p>\n\n\n\n<p><\/p>\n\n\n\n<p class=\"is-style-text-subtitle is-style-text-subtitle--2\">Un socle solide de valeurs communes<\/p>\n\n\n\n<p><p>Nous sommes anim\u00e9s par <strong>des valeurs humanistes<\/strong>.<br><br>Nous \u0153uvrons pour plus de <strong>fraternit\u00e9<\/strong> et de <strong>solidarit\u00e9<\/strong>.<br><br>Nous d\u00e9fendons la <strong>la\u00efcit\u00e9 <\/strong>et la <strong>tol\u00e9rance<\/strong>.<br><br>L&rsquo;humain doit \u00eatre au centre des pr\u00e9occupations.<br><br>Le citoyen doit \u00eatre encourag\u00e9 \u00e0 avoir un <strong>r\u00f4le actif<\/strong> et <strong>responsable <\/strong>vis-\u00e0-vis de son environnement, afin de le prot\u00e9ger pour un d\u00e9veloppement harmonieux.<\/p><\/p>\n\n\n\n<p><\/p>\n\n\n\n<p>Localement et \u00e0 notre niveau, nous pensons essentiel d&rsquo;agir concr\u00e8tement pour transition \u00e9cologique.<\/p>\n\n\n\n<p>Bien entendu, nous\u00a0 revendiquons d&rsquo;exercer nos fonctions avec int\u00e9grit\u00e9 et probit\u00e9.<br><br>Nous croyons r\u00e9solument \u00e0 l&rsquo;intelligence collective.<br>Ensemble nous allons + loin.<\/p>\n\n\n\n<p><\/p>\n\n\n\n<h2 class=\"wp-block-heading\">Nos m\u00e9thodes<\/h2>\n\n\n\n<p>\u00c9lus de proximit\u00e9 et de terrain, nous veillons \u00e0 \u00eatre \u00e0 l&rsquo;\u00e9coute pour agir au plus pr\u00e8s des besoins et des r\u00e9alit\u00e9s.<br><br>Nous privil\u00e9gions le dialogue et veillons \u00e0 la circulation de l&rsquo;information, les \u00e9changes d&rsquo;id\u00e9es et de points de vue.<br><br>Nous sommes tr\u00e8s attach\u00e9s \u00e0 la concertation.<br><br>Nous tenons \u00e0 encourager la participation citoyenne.<br><br>Chacun peut, en effet, agir pour le village, faire sa \u00ab\u00a0part de colibri\u00a0\u00bb*, apporter ses comp\u00e9tences et son \u00e9nergie au bien-\u00eatre et au dynamisme du village.<br><br>Parfois les solutions n&rsquo;\u00e9mergent pas de fa\u00e7on \u00e9vidente, nous pensons qu&rsquo;il faut pouvoir r\u00e9fl\u00e9chir ensemble pour enrichir les projets et aussi pouvoir exp\u00e9rimenter.<br><br>Pour nous la transparence permet de maintenir la confiance et il est important de dire ce que l&rsquo;on fait et faire ce que l&rsquo;on dit.<\/p>\n\n\n\n<figure class=\"wp-block-image size-large\"><img fetchpriority=\"high\" decoding=\"async\" width=\"1024\" height=\"670\" src=\"http:\/\/velleron-ensemble2026.fr\/wp-content\/uploads\/2025\/08\/reu1-1-1024x670.jpg\" alt=\"\" class=\"wp-image-76\" srcset=\"https:\/\/velleron-ensemble2026.fr\/wp-content\/uploads\/2025\/08\/reu1-1-1024x670.jpg 1024w, https:\/\/velleron-ensemble2026.fr\/wp-content\/uploads\/2025\/08\/reu1-1-300x196.jpg 300w, https:\/\/velleron-ensemble2026.fr\/wp-content\/uploads\/2025\/08\/reu1-1-768x503.jpg 768w, https:\/\/velleron-ensemble2026.fr\/wp-content\/uploads\/2025\/08\/reu1-1-1536x1005.jpg 1536w, https:\/\/velleron-ensemble2026.fr\/wp-content\/uploads\/2025\/08\/reu1-1.jpg 1600w\" sizes=\"(max-width: 1024px) 100vw, 1024px\" \/><figcaption class=\"wp-element-caption\">R\u00e9unions de quartier, r\u00e9guli\u00e8res tout le long du mandat<\/figcaption><\/figure>\n\n\n\n<p><em>* connaissez vous la l\u00e9gende du colibri ?<\/em><\/p>\n","protected":false},"excerpt":{"rendered":"<p>Ce qui nous r\u00e9unit : Nous aimons Velleron et sommes fiers de le faire rayonner\u00a0avec\u00a0vous. La volont\u00e9 D&rsquo;agir pour notre village De privil\u00e9gier l&rsquo;int\u00e9r\u00eat g\u00e9n\u00e9ral De relever vaillamment les d\u00e9fis [&hellip;]<\/p>\n","protected":false},"author":1,"featured_media":0,"parent":0,"menu_order":0,"comment_status":"closed","ping_status":"closed","template":"","meta":{"_price":"","_stock":"","_tribe_ticket_header":"","_tribe_default_ticket_provider":"","_tribe_ticket_capacity":"0","_ticket_start_date":"","_ticket_end_date":"","_tribe_ticket_show_description":"","_tribe_ticket_show_not_going":false,"_tribe_ticket_use_global_stock":"","_tribe_ticket_global_stock_level":"","_global_stock_mode":"","_global_stock_cap":"","_tribe_rsvp_for_event":"","_tribe_ticket_going_count":"","_tribe_ticket_not_going_count":"","_tribe_tickets_list":"[]","_tribe_ticket_has_attendee_info_fields":false,"_EventAllDay":false,"_EventTimezone":"","_EventStartDate":"","_EventEndDate":"","_EventStartDateUTC":"","_EventEndDateUTC":"","_EventShowMap":false,"_EventShowMapLink":false,"_EventURL":"","_EventCost":"","_EventCostDescription":"","_EventCurrencySymbol":"","_EventCurrencyCode":"","_EventCurrencyPosition":"","_EventDateTimeSeparator":"","_EventTimeRangeSeparator":"","_EventOrganizerID":[],"_EventVenueID":[],"_OrganizerEmail":"","_OrganizerPhone":"","_OrganizerWebsite":"","_VenueAddress":"","_VenueCity":"","_VenueCountry":"","_VenueProvince":"","_VenueState":"","_VenueZip":"","_VenuePhone":"","_VenueURL":"","_VenueStateProvince":"","_VenueLat":"","_VenueLng":"","_VenueShowMap":false,"_VenueShowMapLink":false,"footnotes":"","_tec_slr_enabled":"","_tec_slr_layout":""},"class_list":["post-18","page","type-page","status-publish","hentry"],"jetpack_sharing_enabled":true,"ticketed":false,"_links":{"self":[{"href":"https:\/\/velleron-ensemble2026.fr\/index.php?rest_route=\/wp\/v2\/pages\/18","targetHints":{"allow":["GET"]}}],"collection":[{"href":"https:\/\/velleron-ensemble2026.fr\/index.php?rest_route=\/wp\/v2\/pages"}],"about":[{"href":"https:\/\/velleron-ensemble2026.fr\/index.php?rest_route=\/wp\/v2\/types\/page"}],"author":[{"embeddable":true,"href":"https:\/\/velleron-ensemble2026.fr\/index.php?rest_route=\/wp\/v2\/users\/1"}],"replies":[{"embeddable":true,"href":"https:\/\/velleron-ensemble2026.fr\/index.php?rest_route=%2Fwp%2Fv2%2Fcomments&post=18"}],"version-history":[{"count":6,"href":"https:\/\/velleron-ensemble2026.fr\/index.php?rest_route=\/wp\/v2\/pages\/18\/revisions"}],"predecessor-version":[{"id":83,"href":"https:\/\/velleron-ensemble2026.fr\/index.php?rest_route=\/wp\/v2\/pages\/18\/revisions\/83"}],"wp:attachment":[{"href":"https:\/\/velleron-ensemble2026.fr\/index.php?rest_route=%2Fwp%2Fv2%2Fmedia&parent=18"}],"curies":[{"name":"wp","href":"https:\/\/api.w.org\/{rel}","templated":true}]}}