{"id":11,"date":"2025-08-21T09:28:43","date_gmt":"2025-08-21T07:28:43","guid":{"rendered":"http:\/\/velleron-ensemble2026.fr\/?page_id=11"},"modified":"2026-02-04T20:10:22","modified_gmt":"2026-02-04T19:10:22","slug":"notre-equipe","status":"publish","type":"page","link":"https:\/\/velleron-ensemble2026.fr\/?page_id=11","title":{"rendered":"Notre \u00e9quipe"},"content":{"rendered":"\n<p><\/p>\n\n\n\n<div class=\"wp-block-group is-nowrap is-layout-flex wp-container-core-group-is-layout-6c531013 wp-block-group-is-layout-flex\">\n<figure class=\"wp-block-image size-medium\"><img fetchpriority=\"high\" decoding=\"async\" width=\"200\" height=\"300\" src=\"https:\/\/velleron-ensemble2026.fr\/wp-content\/uploads\/2026\/01\/p.armengol-200x300.jpg\" alt=\"\" class=\"wp-image-120\" style=\"object-fit:cover\" srcset=\"https:\/\/velleron-ensemble2026.fr\/wp-content\/uploads\/2026\/01\/p.armengol-200x300.jpg 200w, https:\/\/velleron-ensemble2026.fr\/wp-content\/uploads\/2026\/01\/p.armengol-681x1024.jpg 681w, https:\/\/velleron-ensemble2026.fr\/wp-content\/uploads\/2026\/01\/p.armengol-768x1154.jpg 768w, https:\/\/velleron-ensemble2026.fr\/wp-content\/uploads\/2026\/01\/p.armengol-1022x1536.jpg 1022w, https:\/\/velleron-ensemble2026.fr\/wp-content\/uploads\/2026\/01\/p.armengol-1363x2048.jpg 1363w, https:\/\/velleron-ensemble2026.fr\/wp-content\/uploads\/2026\/01\/p.armengol-scaled.jpg 1703w\" sizes=\"(max-width: 200px) 100vw, 200px\" \/><\/figure>\n\n\n\n<blockquote class=\"wp-block-quote is-layout-flow wp-block-quote-is-layout-flow\">\n<p>Philippe Armengol<\/p>\n<\/blockquote>\n<\/div>\n\n\n\n<div class=\"wp-block-group is-nowrap is-layout-flex wp-container-core-group-is-layout-6c531013 wp-block-group-is-layout-flex\">\n<div class=\"wp-block-group is-style-default is-vertical is-content-justification-center is-layout-flex wp-container-core-group-is-layout-81423f52 wp-block-group-is-layout-flex\">\n<figure class=\"wp-block-image size-thumbnail\"><img decoding=\"async\" width=\"150\" height=\"150\" src=\"https:\/\/velleron-ensemble2026.fr\/wp-content\/uploads\/2026\/01\/s.marquez-1-150x150.jpg\" alt=\"\" class=\"wp-image-123\"\/><\/figure>\n\n\n\n<p class=\"has-medium-font-size\">Sophie Marquez<\/p>\n<\/div>\n\n\n\n<div class=\"wp-block-group is-style-default is-vertical is-content-justification-center is-layout-flex wp-container-core-group-is-layout-81423f52 wp-block-group-is-layout-flex\">\n<figure class=\"wp-block-image size-thumbnail\"><img decoding=\"async\" width=\"150\" height=\"150\" src=\"https:\/\/velleron-ensemble2026.fr\/wp-content\/uploads\/2026\/01\/g.laugier-1-150x150.jpg\" alt=\"\" class=\"wp-image-124\"\/><\/figure>\n\n\n\n<p class=\"has-medium-font-size\">Gilles Laugier<\/p>\n<\/div>\n\n\n\n<div class=\"wp-block-group is-style-default is-vertical is-content-justification-center is-layout-flex wp-container-core-group-is-layout-81423f52 wp-block-group-is-layout-flex\">\n<figure class=\"wp-block-image size-thumbnail\"><img loading=\"lazy\" decoding=\"async\" width=\"150\" height=\"150\" src=\"https:\/\/velleron-ensemble2026.fr\/wp-content\/uploads\/2026\/01\/k.maroselli-150x150.jpg\" alt=\"\" class=\"wp-image-125\"\/><\/figure>\n\n\n\n<p class=\"has-medium-font-size\">Katia Maroselli<\/p>\n<\/div>\n\n\n\n<div class=\"wp-block-group is-style-default is-vertical is-content-justification-center is-layout-flex wp-container-core-group-is-layout-81423f52 wp-block-group-is-layout-flex\">\n<figure class=\"wp-block-image size-thumbnail\"><img loading=\"lazy\" decoding=\"async\" width=\"150\" height=\"150\" src=\"https:\/\/velleron-ensemble2026.fr\/wp-content\/uploads\/2026\/01\/h.berenguer-150x150.jpg\" alt=\"\" class=\"wp-image-126\"\/><\/figure>\n\n\n\n<p class=\"has-medium-font-size\">Herv\u00e9 B\u00e9renguer<\/p>\n<\/div>\n<\/div>\n\n\n\n<div class=\"wp-block-group is-nowrap is-layout-flex wp-container-core-group-is-layout-6c531013 wp-block-group-is-layout-flex\">\n<div class=\"wp-block-group is-style-default is-vertical is-content-justification-center is-layout-flex wp-container-core-group-is-layout-81423f52 wp-block-group-is-layout-flex\">\n<figure class=\"wp-block-image size-thumbnail\"><img loading=\"lazy\" decoding=\"async\" width=\"150\" height=\"150\" src=\"https:\/\/velleron-ensemble2026.fr\/wp-content\/uploads\/2026\/01\/m.richard-150x150.jpg\" alt=\"\" class=\"wp-image-127\"\/><\/figure>\n\n\n\n<p class=\"has-medium-font-size\">Myl\u00e8ne Richard<br><\/p>\n<\/div>\n\n\n\n<div class=\"wp-block-group is-style-default is-vertical is-content-justification-center is-layout-flex wp-container-core-group-is-layout-81423f52 wp-block-group-is-layout-flex\">\n<figure class=\"wp-block-image size-thumbnail\"><img loading=\"lazy\" decoding=\"async\" width=\"150\" height=\"150\" src=\"https:\/\/velleron-ensemble2026.fr\/wp-content\/uploads\/2026\/01\/k.akar_-150x150.jpg\" alt=\"\" class=\"wp-image-128\"\/><\/figure>\n\n\n\n<p class=\"has-medium-font-size\">Karim Akar<br><\/p>\n<\/div>\n\n\n\n<div class=\"wp-block-group is-style-default is-vertical is-content-justification-center is-layout-flex wp-container-core-group-is-layout-81423f52 wp-block-group-is-layout-flex\">\n<figure class=\"wp-block-image size-thumbnail\"><img loading=\"lazy\" decoding=\"async\" width=\"150\" height=\"150\" src=\"https:\/\/velleron-ensemble2026.fr\/wp-content\/uploads\/2026\/01\/c.laget-barbet-150x150.jpg\" alt=\"\" class=\"wp-image-129\"\/><\/figure>\n\n\n\n<p class=\"has-medium-font-size\">C\u00e9cile <\/p>\n\n\n\n<p class=\"has-medium-font-size\">Laget Barbet<\/p>\n<\/div>\n\n\n\n<div class=\"wp-block-group is-style-default is-vertical is-content-justification-center is-layout-flex wp-container-core-group-is-layout-81423f52 wp-block-group-is-layout-flex\">\n<figure class=\"wp-block-image size-thumbnail\"><img loading=\"lazy\" decoding=\"async\" width=\"150\" height=\"150\" src=\"https:\/\/velleron-ensemble2026.fr\/wp-content\/uploads\/2026\/01\/f.peschier-150x150.jpg\" alt=\"\" class=\"wp-image-130\"\/><\/figure>\n\n\n\n<p class=\"has-medium-font-size\">Franck Peschier<br><\/p>\n<\/div>\n<\/div>\n\n\n\n<div class=\"wp-block-group is-nowrap is-layout-flex wp-container-core-group-is-layout-6c531013 wp-block-group-is-layout-flex\">\n<div class=\"wp-block-group is-style-default is-vertical is-content-justification-center is-layout-flex wp-container-core-group-is-layout-81423f52 wp-block-group-is-layout-flex\">\n<figure class=\"wp-block-image size-thumbnail\"><img loading=\"lazy\" decoding=\"async\" width=\"150\" height=\"150\" src=\"https:\/\/velleron-ensemble2026.fr\/wp-content\/uploads\/2026\/01\/a.bourgoin-150x150.jpg\" alt=\"\" class=\"wp-image-131\"\/><\/figure>\n\n\n\n<p class=\"has-text-align-center has-medium-font-size\">Aleksandra Bourgoin<\/p>\n<\/div>\n\n\n\n<div class=\"wp-block-group is-style-default is-vertical is-content-justification-center is-layout-flex wp-container-core-group-is-layout-81423f52 wp-block-group-is-layout-flex\">\n<figure class=\"wp-block-image size-thumbnail\"><img loading=\"lazy\" decoding=\"async\" width=\"150\" height=\"150\" src=\"https:\/\/velleron-ensemble2026.fr\/wp-content\/uploads\/2026\/01\/c.clareton-150x150.jpg\" alt=\"\" class=\"wp-image-132\"\/><\/figure>\n\n\n\n<p class=\"has-medium-font-size\">C\u00e9dric Clareton<br><\/p>\n<\/div>\n\n\n\n<div class=\"wp-block-group is-style-default is-vertical is-content-justification-center is-layout-flex wp-container-core-group-is-layout-81423f52 wp-block-group-is-layout-flex\">\n<figure class=\"wp-block-image size-thumbnail\"><img loading=\"lazy\" decoding=\"async\" width=\"150\" height=\"150\" src=\"https:\/\/velleron-ensemble2026.fr\/wp-content\/uploads\/2026\/01\/a.le-baron-150x150.jpg\" alt=\"\" class=\"wp-image-133\"\/><\/figure>\n\n\n\n<p class=\"has-medium-font-size\">Alexandra <\/p>\n\n\n\n<p class=\"has-medium-font-size\">Le Baron<\/p>\n<\/div>\n\n\n\n<div class=\"wp-block-group is-style-default is-vertical is-content-justification-center is-layout-flex wp-container-core-group-is-layout-81423f52 wp-block-group-is-layout-flex\">\n<figure class=\"wp-block-image size-thumbnail\"><img loading=\"lazy\" decoding=\"async\" width=\"150\" height=\"150\" src=\"https:\/\/velleron-ensemble2026.fr\/wp-content\/uploads\/2026\/01\/t.gaudion-150x150.jpg\" alt=\"\" class=\"wp-image-134\"\/><\/figure>\n\n\n\n<p class=\"has-medium-font-size\">Thomas Gaudion<br><\/p>\n<\/div>\n<\/div>\n\n\n\n<div class=\"wp-block-group is-nowrap is-layout-flex wp-container-core-group-is-layout-6c531013 wp-block-group-is-layout-flex\">\n<div class=\"wp-block-group is-style-default is-vertical is-content-justification-center is-layout-flex wp-container-core-group-is-layout-81423f52 wp-block-group-is-layout-flex\">\n<figure class=\"wp-block-image size-thumbnail\"><img loading=\"lazy\" decoding=\"async\" width=\"150\" height=\"150\" src=\"https:\/\/velleron-ensemble2026.fr\/wp-content\/uploads\/2026\/01\/s.bazard-150x150.jpg\" alt=\"\" class=\"wp-image-135\"\/><\/figure>\n\n\n\n<p class=\"has-medium-font-size\">Sylvie Bazard<\/p>\n<\/div>\n\n\n\n<div class=\"wp-block-group is-style-default is-vertical is-content-justification-center is-layout-flex wp-container-core-group-is-layout-81423f52 wp-block-group-is-layout-flex\">\n<figure class=\"wp-block-image size-thumbnail\"><img loading=\"lazy\" decoding=\"async\" width=\"150\" height=\"150\" src=\"https:\/\/velleron-ensemble2026.fr\/wp-content\/uploads\/2026\/01\/s.rico_-150x150.jpg\" alt=\"\" class=\"wp-image-136\"\/><\/figure>\n\n\n\n<p class=\"has-medium-font-size\">St\u00e9phane Rico<\/p>\n<\/div>\n\n\n\n<div class=\"wp-block-group is-style-default is-vertical is-content-justification-center is-layout-flex wp-container-core-group-is-layout-81423f52 wp-block-group-is-layout-flex\">\n<figure class=\"wp-block-image size-thumbnail\"><img loading=\"lazy\" decoding=\"async\" width=\"150\" height=\"150\" src=\"https:\/\/velleron-ensemble2026.fr\/wp-content\/uploads\/2026\/01\/c.bergade-150x150.jpg\" alt=\"\" class=\"wp-image-137\"\/><\/figure>\n\n\n\n<p class=\"has-medium-font-size\">C\u00e9cile Bergade<\/p>\n<\/div>\n\n\n\n<div class=\"wp-block-group is-style-default is-vertical is-content-justification-center is-layout-flex wp-container-core-group-is-layout-81423f52 wp-block-group-is-layout-flex\">\n<figure class=\"wp-block-image size-thumbnail\"><img loading=\"lazy\" decoding=\"async\" width=\"150\" height=\"150\" src=\"https:\/\/velleron-ensemble2026.fr\/wp-content\/uploads\/2026\/01\/s.malatre-150x150.jpg\" alt=\"\" class=\"wp-image-138\"\/><\/figure>\n\n\n\n<p class=\"has-medium-font-size\">Samuel Malartre<\/p>\n<\/div>\n<\/div>\n\n\n\n<div class=\"wp-block-group is-nowrap is-layout-flex wp-container-core-group-is-layout-6c531013 wp-block-group-is-layout-flex\">\n<div class=\"wp-block-group is-style-default is-vertical is-content-justification-center is-layout-flex wp-container-core-group-is-layout-81423f52 wp-block-group-is-layout-flex\">\n<figure class=\"wp-block-image size-thumbnail\"><img loading=\"lazy\" decoding=\"async\" width=\"150\" height=\"150\" src=\"https:\/\/velleron-ensemble2026.fr\/wp-content\/uploads\/2026\/01\/a.togni_-150x150.jpg\" alt=\"\" class=\"wp-image-139\"\/><\/figure>\n\n\n\n<p class=\"has-medium-font-size\">Ang\u00e9lique Togni<\/p>\n<\/div>\n\n\n\n<div class=\"wp-block-group is-style-default is-vertical is-content-justification-center is-layout-flex wp-container-core-group-is-layout-81423f52 wp-block-group-is-layout-flex\">\n<figure class=\"wp-block-image size-thumbnail\"><img loading=\"lazy\" decoding=\"async\" width=\"150\" height=\"150\" src=\"https:\/\/velleron-ensemble2026.fr\/wp-content\/uploads\/2026\/01\/t.rey_-150x150.jpg\" alt=\"\" class=\"wp-image-140\"\/><\/figure>\n\n\n\n<p class=\"has-medium-font-size\">Thomas Rey<\/p>\n<\/div>\n\n\n\n<div class=\"wp-block-group is-style-default is-vertical is-content-justification-center is-layout-flex wp-container-core-group-is-layout-81423f52 wp-block-group-is-layout-flex\">\n<figure class=\"wp-block-image size-thumbnail\"><img loading=\"lazy\" decoding=\"async\" width=\"150\" height=\"150\" src=\"https:\/\/velleron-ensemble2026.fr\/wp-content\/uploads\/2026\/01\/c.bonnet-150x150.jpg\" alt=\"\" class=\"wp-image-141\"\/><\/figure>\n\n\n\n<p class=\"has-medium-font-size\">Corinne Bonnet<\/p>\n<\/div>\n\n\n\n<div class=\"wp-block-group is-style-default is-vertical is-content-justification-center is-layout-flex wp-container-core-group-is-layout-81423f52 wp-block-group-is-layout-flex\">\n<figure class=\"wp-block-image size-thumbnail\"><img loading=\"lazy\" decoding=\"async\" width=\"150\" height=\"150\" src=\"https:\/\/velleron-ensemble2026.fr\/wp-content\/uploads\/2026\/01\/b.senet_-150x150.jpg\" alt=\"\" class=\"wp-image-142\"\/><\/figure>\n\n\n\n<p class=\"has-medium-font-size\">Bernard Senet<\/p>\n<\/div>\n<\/div>\n\n\n\n<div class=\"wp-block-group is-nowrap is-layout-flex wp-container-core-group-is-layout-6c531013 wp-block-group-is-layout-flex\">\n<div class=\"wp-block-group is-style-default is-vertical is-content-justification-center is-layout-flex wp-container-core-group-is-layout-81423f52 wp-block-group-is-layout-flex\">\n<figure class=\"wp-block-image size-thumbnail\"><img loading=\"lazy\" decoding=\"async\" width=\"150\" height=\"150\" src=\"https:\/\/velleron-ensemble2026.fr\/wp-content\/uploads\/2026\/01\/n.viau_-150x150.jpg\" alt=\"\" class=\"wp-image-143\"\/><\/figure>\n\n\n\n<p class=\"has-medium-font-size\">Nicole Viau<\/p>\n<\/div>\n\n\n\n<div class=\"wp-block-group is-style-default is-vertical is-content-justification-center is-layout-flex wp-container-core-group-is-layout-81423f52 wp-block-group-is-layout-flex\">\n<figure class=\"wp-block-image size-thumbnail\"><img loading=\"lazy\" decoding=\"async\" width=\"150\" height=\"150\" src=\"https:\/\/velleron-ensemble2026.fr\/wp-content\/uploads\/2026\/01\/p.boyer_-150x150.jpg\" alt=\"\" class=\"wp-image-144\"\/><\/figure>\n\n\n\n<p class=\"has-medium-font-size\">Patrick Boyer<\/p>\n<\/div>\n\n\n\n<div class=\"wp-block-group is-style-default is-vertical is-content-justification-center is-layout-flex wp-container-core-group-is-layout-81423f52 wp-block-group-is-layout-flex\">\n<p class=\"has-medium-font-size\"><\/p>\n<\/div>\n<\/div>\n\n\n\n<p><\/p>\n","protected":false},"excerpt":{"rendered":"<p>Philippe Armengol Sophie Marquez Gilles Laugier Katia Maroselli Herv\u00e9 B\u00e9renguer Myl\u00e8ne Richard Karim Akar C\u00e9cile Laget Barbet Franck Peschier Aleksandra Bourgoin C\u00e9dric Clareton Alexandra Le Baron Thomas Gaudion Sylvie Bazard [&hellip;]<\/p>\n","protected":false},"author":1,"featured_media":0,"parent":0,"menu_order":0,"comment_status":"closed","ping_status":"closed","template":"","meta":{"_price":"","_stock":"","_tribe_ticket_header":"","_tribe_default_ticket_provider":"","_tribe_ticket_capacity":"0","_ticket_start_date":"","_ticket_end_date":"","_tribe_ticket_show_description":"","_tribe_ticket_show_not_going":false,"_tribe_ticket_use_global_stock":"","_tribe_ticket_global_stock_level":"","_global_stock_mode":"","_global_stock_cap":"","_tribe_rsvp_for_event":"","_tribe_ticket_going_count":"","_tribe_ticket_not_going_count":"","_tribe_tickets_list":"[]","_tribe_ticket_has_attendee_info_fields":false,"_EventAllDay":false,"_EventTimezone":"","_EventStartDate":"","_EventEndDate":"","_EventStartDateUTC":"","_EventEndDateUTC":"","_EventShowMap":false,"_EventShowMapLink":false,"_EventURL":"","_EventCost":"","_EventCostDescription":"","_EventCurrencySymbol":"","_EventCurrencyCode":"","_EventCurrencyPosition":"","_EventDateTimeSeparator":"","_EventTimeRangeSeparator":"","_EventOrganizerID":[],"_EventVenueID":[],"_OrganizerEmail":"","_OrganizerPhone":"","_OrganizerWebsite":"","_VenueAddress":"","_VenueCity":"","_VenueCountry":"","_VenueProvince":"","_VenueState":"","_VenueZip":"","_VenuePhone":"","_VenueURL":"","_VenueStateProvince":"","_VenueLat":"","_VenueLng":"","_VenueShowMap":false,"_VenueShowMapLink":false,"footnotes":"","_tec_slr_enabled":"","_tec_slr_layout":""},"class_list":["post-11","page","type-page","status-publish","hentry"],"jetpack_sharing_enabled":true,"ticketed":false,"_links":{"self":[{"href":"https:\/\/velleron-ensemble2026.fr\/index.php?rest_route=\/wp\/v2\/pages\/11","targetHints":{"allow":["GET"]}}],"collection":[{"href":"https:\/\/velleron-ensemble2026.fr\/index.php?rest_route=\/wp\/v2\/pages"}],"about":[{"href":"https:\/\/velleron-ensemble2026.fr\/index.php?rest_route=\/wp\/v2\/types\/page"}],"author":[{"embeddable":true,"href":"https:\/\/velleron-ensemble2026.fr\/index.php?rest_route=\/wp\/v2\/users\/1"}],"replies":[{"embeddable":true,"href":"https:\/\/velleron-ensemble2026.fr\/index.php?rest_route=%2Fwp%2Fv2%2Fcomments&post=11"}],"version-history":[{"count":6,"href":"https:\/\/velleron-ensemble2026.fr\/index.php?rest_route=\/wp\/v2\/pages\/11\/revisions"}],"predecessor-version":[{"id":185,"href":"https:\/\/velleron-ensemble2026.fr\/index.php?rest_route=\/wp\/v2\/pages\/11\/revisions\/185"}],"wp:attachment":[{"href":"https:\/\/velleron-ensemble2026.fr\/index.php?rest_route=%2Fwp%2Fv2%2Fmedia&parent=11"}],"curies":[{"name":"wp","href":"https:\/\/api.w.org\/{rel}","templated":true}]}}